{"id":153,"date":"2023-02-12T11:37:47","date_gmt":"2023-02-12T10:37:47","guid":{"rendered":"https:\/\/bsks.cz\/domains\/bsks.cz\/?page_id=153"},"modified":"2024-01-25T07:37:13","modified_gmt":"2024-01-25T06:37:13","slug":"uvod","status":"publish","type":"page","link":"https:\/\/bsks.cz\/domains\/bsks.cz\/","title":{"rendered":"MEGA PARTY"},"content":{"rendered":"\n<div class=\"wp-block-cover aligncenter is-light\"><span aria-hidden=\"true\" class=\"wp-block-cover__background has-background-dim-0 has-background-dim\"><\/span><img decoding=\"async\" loading=\"lazy\" width=\"2000\" height=\"1414\" class=\"wp-block-cover__image-background wp-image-223\" alt=\"\" src=\"https:\/\/bsks.cz\/domains\/bsks.cz\/wp-content\/uploads\/2023\/02\/Untitled-design-2.png\" data-object-fit=\"cover\" srcset=\"https:\/\/bsks.cz\/domains\/bsks.cz\/wp-content\/uploads\/2023\/02\/Untitled-design-2.png 2000w, https:\/\/bsks.cz\/domains\/bsks.cz\/wp-content\/uploads\/2023\/02\/Untitled-design-2-300x212.png 300w, https:\/\/bsks.cz\/domains\/bsks.cz\/wp-content\/uploads\/2023\/02\/Untitled-design-2-1024x724.png 1024w, https:\/\/bsks.cz\/domains\/bsks.cz\/wp-content\/uploads\/2023\/02\/Untitled-design-2-768x543.png 768w, https:\/\/bsks.cz\/domains\/bsks.cz\/wp-content\/uploads\/2023\/02\/Untitled-design-2-1536x1086.png 1536w\" sizes=\"(max-width: 2000px) 100vw, 2000px\" \/><div class=\"wp-block-cover__inner-container\">\n<p><\/p>\n\n\n\n<p class=\"has-text-align-center has-nv-text-dark-bg-color has-text-color has-x-large-font-size\"><strong><mark style=\"background-color:rgba(0, 0, 0, 0)\" class=\"has-inline-color has-nv-dark-bg-color\">MEGA PARTY<\/mark><\/strong><\/p>\n\n\n\n<p class=\"has-text-align-center has-nv-site-bg-color has-text-color has-large-font-size\"><strong><mark style=\"background-color:rgba(0, 0, 0, 0)\" class=\"has-inline-color has-neve-text-color-color\">electroswing \u2022 rock&#8217;n&#8217;roll \u2022 oldies<\/mark><\/strong><\/p>\n\n\n\n<p class=\"has-text-align-center has-nv-dark-bg-color has-text-color has-large-font-size\"><mark style=\"background-color:rgba(0, 0, 0, 0)\" class=\"has-inline-color has-neve-text-color-color\">18. b\u0159ezna 2023<\/mark> od 19:00<\/p>\n\n\n\n<p class=\"has-text-align-center has-nv-dark-bg-color has-text-color has-large-font-size\">KC Fr\u00fddlant nad Ostravic\u00ed<\/p>\n\n\n\n<div style=\"height:49px\" aria-hidden=\"true\" class=\"wp-block-spacer\"><\/div>\n\n\n\n<div class=\"is-content-justification-center is-layout-flex wp-container-1 wp-block-buttons\">\n<div class=\"wp-block-button has-custom-font-size has-large-font-size\"><a class=\"wp-block-button__link has-nv-dark-bg-background-color has-text-color has-background wp-element-button\" style=\"color:#f0d069\">VSTUPENKY ZDE<\/a><\/div>\n<\/div>\n\n\n\n<div style=\"height:44px\" aria-hidden=\"true\" class=\"wp-block-spacer\"><\/div>\n<\/div><\/div>\n\n\n\n<div style=\"height:10px\" aria-hidden=\"true\" class=\"wp-block-spacer\"><\/div>\n\n\n\n<div class=\"is-layout-flex wp-container-5 wp-block-columns\">\n<div class=\"is-layout-flow wp-block-column\"><div class=\"wp-block-image icon-style is-style-rounded\">\n<figure class=\"aligncenter size-full is-resized\"><img decoding=\"async\" loading=\"lazy\" src=\"https:\/\/pivniples.cz\/wp-content\/uploads\/2023\/01\/Untitled-design-2-1.png\" alt=\"\" class=\"wp-image-58\" width=\"252\" height=\"252\"\/><\/figure><\/div>\n\n\n<h3 class=\"has-text-align-center has-neve-text-color-color has-text-color\">MEGA PARTY VE FR\u00ddDLANT\u011a N. O.<\/h3>\n\n\n\n<p class=\"has-text-align-center\">Protan\u010di se a\u017e do r\u00e1na za rytmu elektroswingu, rock&#8217;n&#8217;rollu a oldies! B\u011bhem ve\u010dera se za <br>DJ pult postav\u00ed <strong>DJ ROXSTAR<\/strong> a<strong> <\/strong><br><strong>DJ FreakySwingerzzz<\/strong>. Vystoup\u00ed tak\u00e9 speci\u00e1ln\u00ed host <strong>SAXOFRANCIS<\/strong>. <br>Dobov\u00fd kost\u00fdm ve stylu<strong> 50. a 60. let je v\u00edt\u00e1n!<\/strong><\/p>\n\n\n\n<div style=\"height:20px\" aria-hidden=\"true\" class=\"wp-block-spacer\"><\/div>\n<\/div>\n\n\n\n<div class=\"is-layout-flow wp-block-column\"><div class=\"wp-block-image icon-style is-style-default\">\n<figure class=\"aligncenter size-full is-resized\"><img decoding=\"async\" loading=\"lazy\" src=\"https:\/\/pivniples.cz\/wp-content\/uploads\/2023\/01\/Untitled-design.png\" alt=\"\" class=\"wp-image-53\" width=\"262\" height=\"262\"\/><\/figure><\/div>\n\n\n<h3 class=\"has-text-align-center has-neve-text-color-color has-text-color\">DRINKY A VALA\u0160SK\u00c1 GASTROZONA<\/h3>\n\n\n\n<p class=\"has-text-align-center\">Barmani ti nam\u00edchaj\u00ed ty nejlep\u0161\u00ed drinky s p\u00e1lenkou od <strong>Rudolfa Jel\u00ednka<\/strong>. Nebude chyb\u011bt ani pivo <strong>Radegast<\/strong>. V gastrozon\u011b bude\u0161 m\u00edt mo\u017enost ochutnat unik\u00e1tn\u00ed vala\u0161skou kuchyni z <strong>restaurace Libu\u0161\u00edn<\/strong>.  <\/p>\n\n\n\n<div style=\"height:20px\" aria-hidden=\"true\" class=\"wp-block-spacer\"><\/div>\n<\/div>\n\n\n\n<div class=\"is-layout-flow wp-block-column\"><div class=\"wp-block-image icon-style is-style-rounded\">\n<figure class=\"aligncenter size-full is-resized\"><img decoding=\"async\" loading=\"lazy\" src=\"https:\/\/pivniples.cz\/wp-content\/uploads\/2023\/01\/Untitled-design-3.png\" alt=\"\" class=\"wp-image-56\" width=\"251\" height=\"251\"\/><\/figure><\/div>\n\n\n<h3 class=\"has-text-align-center has-neve-text-color-color has-text-color\">SOUT\u011a\u017d O HODNOTN\u00c9 CENY<\/h3>\n\n\n\n<p class=\"has-text-align-center\">B\u011bhem ve\u010dera m\u016f\u017ee\u0161 vyhr\u00e1t hodnotn\u00e9 ceny &#8211; t\u0159eba j\u00eddlo v <strong>restauraci Libu\u0161\u00edn<\/strong> na CEL\u00dd ROK ZDARMA nebo k\u00e1vu v<strong> kav\u00e1rn\u011b Libu\u0161ka<\/strong> rovn\u011b\u017e na CEL\u00dd ROK ZDARMA. Pokud jsi fanou\u0161ek sportu, pot\u011b\u0161\u00ed t\u011b v\u00fdhra zap\u016fj\u010den\u00ed luxusn\u00edch ly\u017e\u00ed v <strong>JAPA SPORT<\/strong>!<\/p>\n\n\n\n<div style=\"height:20px\" aria-hidden=\"true\" class=\"wp-block-spacer\"><\/div>\n<\/div>\n<\/div>\n\n\n\n<div style=\"height:10px\" aria-hidden=\"true\" class=\"wp-block-spacer\"><\/div>\n\n\n\n<div class=\"is-layout-flex wp-container-9 wp-block-columns\">\n<div class=\"is-layout-flow wp-block-column\"><div class=\"wp-block-image\">\n<figure class=\"aligncenter size-full\"><img decoding=\"async\" loading=\"lazy\" width=\"600\" height=\"900\" src=\"https:\/\/bsks.cz\/domains\/bsks.cz\/wp-content\/uploads\/2023\/02\/3-1.png\" alt=\"\" class=\"wp-image-273\" srcset=\"https:\/\/bsks.cz\/domains\/bsks.cz\/wp-content\/uploads\/2023\/02\/3-1.png 600w, https:\/\/bsks.cz\/domains\/bsks.cz\/wp-content\/uploads\/2023\/02\/3-1-200x300.png 200w\" sizes=\"(max-width: 600px) 100vw, 600px\" \/><figcaption class=\"wp-element-caption\"><strong>DJ ROXTAR<\/strong><\/figcaption><\/figure><\/div><\/div>\n\n\n\n<div class=\"is-layout-flow wp-block-column\"><div class=\"wp-block-image\">\n<figure class=\"aligncenter size-full\"><img decoding=\"async\" loading=\"lazy\" width=\"600\" height=\"900\" src=\"https:\/\/bsks.cz\/domains\/bsks.cz\/wp-content\/uploads\/2023\/02\/Untitled-design-7.png\" alt=\"\" class=\"wp-image-300\" srcset=\"https:\/\/bsks.cz\/domains\/bsks.cz\/wp-content\/uploads\/2023\/02\/Untitled-design-7.png 600w, https:\/\/bsks.cz\/domains\/bsks.cz\/wp-content\/uploads\/2023\/02\/Untitled-design-7-200x300.png 200w\" sizes=\"(max-width: 600px) 100vw, 600px\" \/><figcaption class=\"wp-element-caption\"><strong>SAXOFRANCIS<\/strong><\/figcaption><\/figure><\/div><\/div>\n\n\n\n<div class=\"is-layout-flow wp-block-column\"><div class=\"wp-block-image\">\n<figure class=\"aligncenter size-full\"><img decoding=\"async\" loading=\"lazy\" width=\"600\" height=\"900\" src=\"https:\/\/bsks.cz\/domains\/bsks.cz\/wp-content\/uploads\/2023\/03\/Untitled-design-6.png\" alt=\"\" class=\"wp-image-306\" srcset=\"https:\/\/bsks.cz\/domains\/bsks.cz\/wp-content\/uploads\/2023\/03\/Untitled-design-6.png 600w, https:\/\/bsks.cz\/domains\/bsks.cz\/wp-content\/uploads\/2023\/03\/Untitled-design-6-200x300.png 200w\" sizes=\"(max-width: 600px) 100vw, 600px\" \/><figcaption class=\"wp-element-caption\"><strong>DJ FreakySwingerzzz<\/strong><\/figcaption><\/figure><\/div><\/div>\n<\/div>\n\n\n\n<div style=\"height:100px\" aria-hidden=\"true\" class=\"wp-block-spacer\"><\/div>\n\n\n\n<p class=\"has-text-align-center has-x-large-font-size\"><strong>PARTNE\u0158I AKCE:<\/strong><\/p>\n\n\n\n<div class=\"is-layout-flex wp-container-13 wp-block-columns\">\n<div class=\"is-layout-flow wp-block-column\">\n<figure class=\"wp-block-image size-large is-resized\"><a href=\"www.novylibusin.cz\" target=\"_blank\" rel=\"noreferrer noopener\"><img decoding=\"async\" loading=\"lazy\" src=\"https:\/\/bsks.cz\/domains\/bsks.cz\/wp-content\/uploads\/2023\/02\/libusin_logo_s-kresbou-kopie-888x1024.jpg\" alt=\"\" class=\"wp-image-228\" width=\"283\" height=\"326\" srcset=\"https:\/\/bsks.cz\/domains\/bsks.cz\/wp-content\/uploads\/2023\/02\/libusin_logo_s-kresbou-kopie-888x1024.jpg 888w, https:\/\/bsks.cz\/domains\/bsks.cz\/wp-content\/uploads\/2023\/02\/libusin_logo_s-kresbou-kopie-260x300.jpg 260w, https:\/\/bsks.cz\/domains\/bsks.cz\/wp-content\/uploads\/2023\/02\/libusin_logo_s-kresbou-kopie-768x886.jpg 768w, https:\/\/bsks.cz\/domains\/bsks.cz\/wp-content\/uploads\/2023\/02\/libusin_logo_s-kresbou-kopie-1332x1536.jpg 1332w, https:\/\/bsks.cz\/domains\/bsks.cz\/wp-content\/uploads\/2023\/02\/libusin_logo_s-kresbou-kopie-1776x2048.jpg 1776w\" sizes=\"(max-width: 283px) 100vw, 283px\" \/><\/a><\/figure>\n<\/div>\n\n\n\n<div class=\"is-layout-flow wp-block-column\"><div class=\"wp-block-image\">\n<figure class=\"aligncenter size-large\"><a href=\"www.kavarnalibuska.cz\" target=\"_blank\" rel=\"noreferrer noopener\"><img decoding=\"async\" loading=\"lazy\" width=\"1024\" height=\"724\" src=\"https:\/\/bsks.cz\/domains\/bsks.cz\/wp-content\/uploads\/2023\/02\/2-1024x724.png\" alt=\"\" class=\"wp-image-232\" srcset=\"https:\/\/bsks.cz\/domains\/bsks.cz\/wp-content\/uploads\/2023\/02\/2-1024x724.png 1024w, https:\/\/bsks.cz\/domains\/bsks.cz\/wp-content\/uploads\/2023\/02\/2-300x212.png 300w, https:\/\/bsks.cz\/domains\/bsks.cz\/wp-content\/uploads\/2023\/02\/2-768x543.png 768w, https:\/\/bsks.cz\/domains\/bsks.cz\/wp-content\/uploads\/2023\/02\/2-1536x1086.png 1536w, https:\/\/bsks.cz\/domains\/bsks.cz\/wp-content\/uploads\/2023\/02\/2.png 2000w\" sizes=\"(max-width: 1024px) 100vw, 1024px\" \/><\/a><\/figure><\/div><\/div>\n\n\n\n<div class=\"is-layout-flow wp-block-column\"><div class=\"wp-block-image\">\n<figure class=\"aligncenter size-large\"><a href=\"www.japasport.cz\" target=\"_blank\" rel=\"noreferrer noopener\"><img decoding=\"async\" loading=\"lazy\" width=\"1024\" height=\"724\" src=\"https:\/\/bsks.cz\/domains\/bsks.cz\/wp-content\/uploads\/2023\/02\/3-1024x724.png\" alt=\"\" class=\"wp-image-233\" srcset=\"https:\/\/bsks.cz\/domains\/bsks.cz\/wp-content\/uploads\/2023\/02\/3-1024x724.png 1024w, https:\/\/bsks.cz\/domains\/bsks.cz\/wp-content\/uploads\/2023\/02\/3-300x212.png 300w, https:\/\/bsks.cz\/domains\/bsks.cz\/wp-content\/uploads\/2023\/02\/3-768x543.png 768w, https:\/\/bsks.cz\/domains\/bsks.cz\/wp-content\/uploads\/2023\/02\/3-1536x1086.png 1536w, https:\/\/bsks.cz\/domains\/bsks.cz\/wp-content\/uploads\/2023\/02\/3.png 2000w\" sizes=\"(max-width: 1024px) 100vw, 1024px\" \/><\/a><\/figure><\/div><\/div>\n<\/div>\n\n\n\n<div class=\"is-layout-flex wp-container-17 wp-block-columns\">\n<div class=\"is-layout-flow wp-block-column\"><div class=\"wp-block-image\">\n<figure class=\"aligncenter size-large\"><a href=\"https:\/\/hitradio.cz\/\" target=\"_blank\" rel=\"noreferrer noopener\"><img decoding=\"async\" loading=\"lazy\" width=\"2000\" height=\"1414\" src=\"https:\/\/bsks.cz\/domains\/bsks.cz\/wp-content\/uploads\/2023\/02\/4-1024x724.png\" alt=\"\" class=\"wp-image-234\" srcset=\"https:\/\/bsks.cz\/domains\/bsks.cz\/wp-content\/uploads\/2023\/02\/4-1024x724.png 1024w, https:\/\/bsks.cz\/domains\/bsks.cz\/wp-content\/uploads\/2023\/02\/4-300x212.png 300w, https:\/\/bsks.cz\/domains\/bsks.cz\/wp-content\/uploads\/2023\/02\/4-768x543.png 768w, https:\/\/bsks.cz\/domains\/bsks.cz\/wp-content\/uploads\/2023\/02\/4-1536x1086.png 1536w, https:\/\/bsks.cz\/domains\/bsks.cz\/wp-content\/uploads\/2023\/02\/4.png 2000w\" sizes=\"(max-width: 2000px) 100vw, 2000px\" \/><\/a><\/figure><\/div><\/div>\n\n\n\n<div class=\"is-layout-flow wp-block-column\"><div class=\"wp-block-image\">\n<figure class=\"aligncenter size-large\"><a href=\"https:\/\/rjelinek.cz\/\" target=\"_blank\" rel=\"noreferrer noopener\"><img decoding=\"async\" loading=\"lazy\" width=\"1024\" height=\"724\" src=\"https:\/\/bsks.cz\/domains\/bsks.cz\/wp-content\/uploads\/2023\/02\/5-1024x724.png\" alt=\"\" class=\"wp-image-235\" srcset=\"https:\/\/bsks.cz\/domains\/bsks.cz\/wp-content\/uploads\/2023\/02\/5-1024x724.png 1024w, https:\/\/bsks.cz\/domains\/bsks.cz\/wp-content\/uploads\/2023\/02\/5-300x212.png 300w, https:\/\/bsks.cz\/domains\/bsks.cz\/wp-content\/uploads\/2023\/02\/5-768x543.png 768w, https:\/\/bsks.cz\/domains\/bsks.cz\/wp-content\/uploads\/2023\/02\/5-1536x1086.png 1536w, https:\/\/bsks.cz\/domains\/bsks.cz\/wp-content\/uploads\/2023\/02\/5.png 2000w\" sizes=\"(max-width: 1024px) 100vw, 1024px\" \/><\/a><\/figure><\/div><\/div>\n\n\n\n<div class=\"is-layout-flow wp-block-column\"><div class=\"wp-block-image\">\n<figure class=\"aligncenter size-large\"><a href=\"https:\/\/www.radegast.cz\/\" target=\"_blank\" rel=\"noreferrer noopener\"><img decoding=\"async\" loading=\"lazy\" width=\"1024\" height=\"724\" src=\"https:\/\/bsks.cz\/domains\/bsks.cz\/wp-content\/uploads\/2023\/02\/6-1024x724.png\" alt=\"\" class=\"wp-image-236\" srcset=\"https:\/\/bsks.cz\/domains\/bsks.cz\/wp-content\/uploads\/2023\/02\/6-1024x724.png 1024w, https:\/\/bsks.cz\/domains\/bsks.cz\/wp-content\/uploads\/2023\/02\/6-300x212.png 300w, https:\/\/bsks.cz\/domains\/bsks.cz\/wp-content\/uploads\/2023\/02\/6-768x543.png 768w, https:\/\/bsks.cz\/domains\/bsks.cz\/wp-content\/uploads\/2023\/02\/6-1536x1086.png 1536w, https:\/\/bsks.cz\/domains\/bsks.cz\/wp-content\/uploads\/2023\/02\/6.png 2000w\" sizes=\"(max-width: 1024px) 100vw, 1024px\" \/><\/a><\/figure><\/div><\/div>\n<\/div>\n\n\n\n<div class=\"wp-block-cover alignfull\" style=\"min-height:300px\"><span aria-hidden=\"true\" class=\"wp-block-cover__background has-nv-dark-bg-background-color has-background-dim-100 has-background-dim\"><\/span><div class=\"wp-block-cover__inner-container\">\n<div style=\"height:10px\" aria-hidden=\"true\" class=\"wp-block-spacer\"><\/div>\n\n\n\n<h2 class=\"has-text-align-center has-nv-text-dark-bg-color has-text-color\">Cena vstupenky: 190 K\u010d v p\u0159edprodeji \/ 250 K\u010d na m\u00edst\u011b<\/h2>\n\n\n\n<p class=\"has-text-align-center has-medium-font-size\">Kup si svou vstupenku v\u010das.<br>A pozor, vstupenka je bez m\u00edstenky!<\/p>\n\n\n\n<p><\/p>\n\n\n\n<div class=\"is-content-justification-center is-layout-flex wp-container-18 wp-block-buttons\">\n<div class=\"wp-block-button is-style-primary\"><a class=\"wp-block-button__link has-nv-dark-bg-color has-nv-site-bg-background-color has-text-color has-background wp-element-button\">VSTUPENKY<\/a><\/div>\n<\/div>\n\n\n\n<div style=\"height:10px\" aria-hidden=\"true\" class=\"wp-block-spacer\"><\/div>\n<\/div><\/div>\n\n\n\n<div style=\"height:100px\" aria-hidden=\"true\" class=\"wp-block-spacer\"><\/div>\n\n\n\n<p class=\"has-text-align-center #kontakt has-x-large-font-size\"><strong>KONTAKT<\/strong><\/p>\n\n\n\n<p class=\"has-text-align-center has-medium-font-size\"><strong>M\u00e1te n\u011bjak\u00fd dotaz? M\u00e1te z\u00e1jem o prezentaci na t\u00e9to akci?<\/strong><\/p>\n\n\n\n<p class=\"has-text-align-center has-medium-font-size\">Napi\u0161te n\u00e1m na info@bsks.cz <\/p>\n\n\n\n<p class=\"has-text-align-center has-medium-font-size\"><\/p>\n\n\n\n<div style=\"height:100px\" aria-hidden=\"true\" class=\"wp-block-spacer\"><\/div>\n","protected":false},"excerpt":{"rendered":"<p>MEGA PARTY VE FR\u00ddDLANT\u011a N. O. Protan\u010di se a\u017e do r\u00e1na za rytmu elektroswingu, rock&#8217;n&#8217;rollu a oldies! B\u011bhem ve\u010dera se za DJ pult postav\u00ed DJ ROXSTAR a DJ FreakySwingerzzz. Vystoup\u00ed tak\u00e9 speci\u00e1ln\u00ed host SAXOFRANCIS. Dobov\u00fd kost\u00fdm ve stylu 50. a 60. let je v\u00edt\u00e1n! DRINKY A VALA\u0160SK\u00c1 GASTROZONA Barmani ti nam\u00edchaj\u00ed ty nejlep\u0161\u00ed drinky s&hellip;&nbsp;<a href=\"https:\/\/bsks.cz\/domains\/bsks.cz\/\" class=\"\" rel=\"bookmark\">\u010c\u00edst d\u00e1le &raquo;<span class=\"screen-reader-text\">MEGA PARTY<\/span><\/a><\/p>\n","protected":false},"author":1,"featured_media":0,"parent":0,"menu_order":0,"comment_status":"closed","ping_status":"closed","template":"","meta":{"neve_meta_sidebar":"","neve_meta_container":"","neve_meta_enable_content_width":"","neve_meta_content_width":0,"neve_meta_title_alignment":"","neve_meta_author_avatar":"","neve_post_elements_order":"","neve_meta_disable_header":"","neve_meta_disable_footer":"","neve_meta_disable_title":"on"},"_links":{"self":[{"href":"https:\/\/bsks.cz\/domains\/bsks.cz\/wp-json\/wp\/v2\/pages\/153"}],"collection":[{"href":"https:\/\/bsks.cz\/domains\/bsks.cz\/wp-json\/wp\/v2\/pages"}],"about":[{"href":"https:\/\/bsks.cz\/domains\/bsks.cz\/wp-json\/wp\/v2\/types\/page"}],"author":[{"embeddable":true,"href":"https:\/\/bsks.cz\/domains\/bsks.cz\/wp-json\/wp\/v2\/users\/1"}],"replies":[{"embeddable":true,"href":"https:\/\/bsks.cz\/domains\/bsks.cz\/wp-json\/wp\/v2\/comments?post=153"}],"version-history":[{"count":66,"href":"https:\/\/bsks.cz\/domains\/bsks.cz\/wp-json\/wp\/v2\/pages\/153\/revisions"}],"predecessor-version":[{"id":313,"href":"https:\/\/bsks.cz\/domains\/bsks.cz\/wp-json\/wp\/v2\/pages\/153\/revisions\/313"}],"wp:attachment":[{"href":"https:\/\/bsks.cz\/domains\/bsks.cz\/wp-json\/wp\/v2\/media?parent=153"}],"curies":[{"name":"wp","href":"https:\/\/api.w.org\/{rel}","templated":true}]}}